{"id":456,"date":"2018-11-05T08:45:08","date_gmt":"2018-11-05T08:45:08","guid":{"rendered":"http:\/\/dk3.innowum.pl\/?page_id=456"},"modified":"2025-10-28T21:26:55","modified_gmt":"2025-10-28T20:26:55","slug":"galeria","status":"publish","type":"page","link":"https:\/\/kamienicaswanny.wtbswejherowo.pl\/?page_id=456","title":{"rendered":"Galeria"},"content":{"rendered":"<p><div class=\"fusion-fullwidth fullwidth-box fusion-builder-row-1 nonhundred-percent-fullwidth non-hundred-percent-height-scrolling\" style=\"--awb-border-radius-top-left:0px;--awb-border-radius-top-right:0px;--awb-border-radius-bottom-right:0px;--awb-border-radius-bottom-left:0px;--awb-flex-wrap:wrap;\" ><div class=\"fusion-builder-row fusion-row\"><div class=\"fusion-layout-column fusion_builder_column fusion-builder-column-0 fusion_builder_column_1_1 1_1 fusion-one-full fusion-column-first fusion-column-last\" style=\"--awb-bg-blend:overlay;--awb-bg-size:cover;--awb-margin-bottom:0px;\"><div class=\"fusion-column-wrapper fusion-flex-column-wrapper-legacy\"><div class=\"fusion-text fusion-text-1\"><h1>Galeria<\/h1>\n<\/div><div class=\"fusion-clearfix\"><\/div><\/div><\/div><\/div><\/div><div class=\"fusion-fullwidth fullwidth-box fusion-builder-row-2 nonhundred-percent-fullwidth non-hundred-percent-height-scrolling\" style=\"--awb-border-radius-top-left:0px;--awb-border-radius-top-right:0px;--awb-border-radius-bottom-right:0px;--awb-border-radius-bottom-left:0px;--awb-flex-wrap:wrap;\" ><div class=\"fusion-builder-row fusion-row\"><div class=\"fusion-layout-column fusion_builder_column fusion-builder-column-1 fusion_builder_column_1_1 1_1 fusion-one-full fusion-column-first fusion-column-last vk_galeria\" style=\"--awb-bg-size:cover;\"><div class=\"fusion-column-wrapper fusion-column-has-shadow fusion-flex-column-wrapper-legacy\"><div class=\"accordian fusion-accordian\" style=\"--awb-border-size:1px;--awb-icon-size:20px;--awb-content-font-size:15px;--awb-icon-alignment:left;--awb-hover-color:#f9f9f9;--awb-border-color:#cccccc;--awb-background-color:#ffffff;--awb-divider-color:#e0dede;--awb-divider-hover-color:#e0dede;--awb-icon-color:#ffffff;--awb-title-color:#386ca0;--awb-content-color:#222222;--awb-icon-box-color:#adadad;--awb-toggle-hover-accent-color:var(--awb-color6);--awb-title-font-family:&quot;Barlow&quot;;--awb-title-font-weight:600;--awb-title-font-style:normal;--awb-content-font-family:&quot;Barlow&quot;;--awb-content-font-style:normal;--awb-content-font-weight:regular;\"><div class=\"panel-group fusion-toggle-icon-boxed\" id=\"accordion-456-1\"><div class=\"fusion-panel panel-default panel-093c2a7dd4e7d7f99 fusion-toggle-has-divider\" style=\"--awb-title-color:#222222;\"><div class=\"panel-heading\"><h4 class=\"panel-title toggle\" id=\"toggle_093c2a7dd4e7d7f99\"><a class=\"active\" aria-expanded=\"true\" aria-controls=\"093c2a7dd4e7d7f99\" role=\"button\" data-toggle=\"collapse\" data-target=\"#093c2a7dd4e7d7f99\" href=\"#093c2a7dd4e7d7f99\"><span class=\"fusion-toggle-icon-wrapper\" aria-hidden=\"true\"><i class=\"fa-fusion-box active-icon awb-icon-minus\" aria-hidden=\"true\"><\/i><i class=\"fa-fusion-box inactive-icon awb-icon-plus\" aria-hidden=\"true\"><\/i><\/span><span class=\"fusion-toggle-heading\">WIZUALIZACJE<\/span><\/a><\/h4><\/div><div id=\"093c2a7dd4e7d7f99\" class=\"panel-collapse collapse in\" aria-labelledby=\"toggle_093c2a7dd4e7d7f99\"><div class=\"panel-body toggle-content fusion-clearfix\"><div class=\"awb-gallery-wrapper awb-gallery-wrapper-1 button-span-no\" style=\"--more-btn-alignment:center;\" data-limit=\"10\" data-page=\"1\"><div style=\"margin:-5px;--awb-bordersize:0px;\" class=\"fusion-gallery fusion-gallery-container fusion-grid-3 fusion-columns-total-9 fusion-gallery-layout-grid fusion-gallery-1\"><div style=\"padding:5px;\" class=\"fusion-grid-column fusion-gallery-column fusion-gallery-column-3 hover-type-none\"><div class=\"fusion-gallery-image\"><a href=\"https:\/\/kamienicaswanny.wtbswejherowo.pl\/wp-content\/uploads\/3-68f39ff011dd1.webp\" rel=\"noreferrer\" data-rel=\"iLightbox[gallery_image_1]\" class=\"fusion-lightbox\" target=\"_self\"><img decoding=\"async\" src=\"https:\/\/kamienicaswanny.wtbswejherowo.pl\/wp-content\/uploads\/3-68f39ff011dd1.webp\" width=\"1536\" height=\"768\" alt=\"\" title=\"3-68f39ff011dd1\" aria-label=\"3-68f39ff011dd1\" class=\"img-responsive wp-image-71844\" srcset=\"https:\/\/kamienicaswanny.wtbswejherowo.pl\/wp-content\/uploads\/3-68f39ff011dd1-200x100.webp 200w, https:\/\/kamienicaswanny.wtbswejherowo.pl\/wp-content\/uploads\/3-68f39ff011dd1-300x150.webp 300w, https:\/\/kamienicaswanny.wtbswejherowo.pl\/wp-content\/uploads\/3-68f39ff011dd1-400x200.webp 400w, https:\/\/kamienicaswanny.wtbswejherowo.pl\/wp-content\/uploads\/3-68f39ff011dd1-600x300.webp 600w, https:\/\/kamienicaswanny.wtbswejherowo.pl\/wp-content\/uploads\/3-68f39ff011dd1-768x384.webp 768w, https:\/\/kamienicaswanny.wtbswejherowo.pl\/wp-content\/uploads\/3-68f39ff011dd1-800x400.webp 800w, https:\/\/kamienicaswanny.wtbswejherowo.pl\/wp-content\/uploads\/3-68f39ff011dd1-1024x512.webp 1024w, https:\/\/kamienicaswanny.wtbswejherowo.pl\/wp-content\/uploads\/3-68f39ff011dd1-1200x600.webp 1200w, https:\/\/kamienicaswanny.wtbswejherowo.pl\/wp-content\/uploads\/3-68f39ff011dd1.webp 1536w\" sizes=\"(min-width: 2200px) 100vw, (min-width: 784px) 363px, (min-width: 712px) 545px, (min-width: 640px) 712px, \" \/><\/a><\/div><\/div><div style=\"padding:5px;\" class=\"fusion-grid-column fusion-gallery-column fusion-gallery-column-3 hover-type-none\"><div class=\"fusion-gallery-image\"><a href=\"https:\/\/kamienicaswanny.wtbswejherowo.pl\/wp-content\/uploads\/4-68f39ff192c16.webp\" rel=\"noreferrer\" data-rel=\"iLightbox[gallery_image_1]\" class=\"fusion-lightbox\" target=\"_self\"><img decoding=\"async\" src=\"https:\/\/kamienicaswanny.wtbswejherowo.pl\/wp-content\/uploads\/4-68f39ff192c16.webp\" width=\"1536\" height=\"768\" alt=\"\" title=\"4-68f39ff192c16\" aria-label=\"4-68f39ff192c16\" class=\"img-responsive wp-image-71845\" srcset=\"https:\/\/kamienicaswanny.wtbswejherowo.pl\/wp-content\/uploads\/4-68f39ff192c16-200x100.webp 200w, https:\/\/kamienicaswanny.wtbswejherowo.pl\/wp-content\/uploads\/4-68f39ff192c16-300x150.webp 300w, https:\/\/kamienicaswanny.wtbswejherowo.pl\/wp-content\/uploads\/4-68f39ff192c16-400x200.webp 400w, https:\/\/kamienicaswanny.wtbswejherowo.pl\/wp-content\/uploads\/4-68f39ff192c16-600x300.webp 600w, https:\/\/kamienicaswanny.wtbswejherowo.pl\/wp-content\/uploads\/4-68f39ff192c16-768x384.webp 768w, https:\/\/kamienicaswanny.wtbswejherowo.pl\/wp-content\/uploads\/4-68f39ff192c16-800x400.webp 800w, https:\/\/kamienicaswanny.wtbswejherowo.pl\/wp-content\/uploads\/4-68f39ff192c16-1024x512.webp 1024w, https:\/\/kamienicaswanny.wtbswejherowo.pl\/wp-content\/uploads\/4-68f39ff192c16-1200x600.webp 1200w, https:\/\/kamienicaswanny.wtbswejherowo.pl\/wp-content\/uploads\/4-68f39ff192c16.webp 1536w\" sizes=\"(min-width: 2200px) 100vw, (min-width: 784px) 363px, (min-width: 712px) 545px, (min-width: 640px) 712px, \" \/><\/a><\/div><\/div><div style=\"padding:5px;\" class=\"fusion-grid-column fusion-gallery-column fusion-gallery-column-3 hover-type-none\"><div class=\"fusion-gallery-image\"><a href=\"https:\/\/kamienicaswanny.wtbswejherowo.pl\/wp-content\/uploads\/5-68f39ff26b3b1.webp\" rel=\"noreferrer\" data-rel=\"iLightbox[gallery_image_1]\" class=\"fusion-lightbox\" target=\"_self\"><img decoding=\"async\" src=\"https:\/\/kamienicaswanny.wtbswejherowo.pl\/wp-content\/uploads\/5-68f39ff26b3b1.webp\" width=\"1536\" height=\"768\" alt=\"\" title=\"5-68f39ff26b3b1\" aria-label=\"5-68f39ff26b3b1\" class=\"img-responsive wp-image-71846\" srcset=\"https:\/\/kamienicaswanny.wtbswejherowo.pl\/wp-content\/uploads\/5-68f39ff26b3b1-200x100.webp 200w, https:\/\/kamienicaswanny.wtbswejherowo.pl\/wp-content\/uploads\/5-68f39ff26b3b1-300x150.webp 300w, https:\/\/kamienicaswanny.wtbswejherowo.pl\/wp-content\/uploads\/5-68f39ff26b3b1-400x200.webp 400w, https:\/\/kamienicaswanny.wtbswejherowo.pl\/wp-content\/uploads\/5-68f39ff26b3b1-600x300.webp 600w, https:\/\/kamienicaswanny.wtbswejherowo.pl\/wp-content\/uploads\/5-68f39ff26b3b1-768x384.webp 768w, https:\/\/kamienicaswanny.wtbswejherowo.pl\/wp-content\/uploads\/5-68f39ff26b3b1-800x400.webp 800w, https:\/\/kamienicaswanny.wtbswejherowo.pl\/wp-content\/uploads\/5-68f39ff26b3b1-1024x512.webp 1024w, https:\/\/kamienicaswanny.wtbswejherowo.pl\/wp-content\/uploads\/5-68f39ff26b3b1-1200x600.webp 1200w, https:\/\/kamienicaswanny.wtbswejherowo.pl\/wp-content\/uploads\/5-68f39ff26b3b1.webp 1536w\" sizes=\"(min-width: 2200px) 100vw, (min-width: 784px) 363px, (min-width: 712px) 545px, (min-width: 640px) 712px, \" \/><\/a><\/div><\/div><div class=\"clearfix\"><\/div><div style=\"padding:5px;\" class=\"fusion-grid-column fusion-gallery-column fusion-gallery-column-3 hover-type-none\"><div class=\"fusion-gallery-image\"><a href=\"https:\/\/kamienicaswanny.wtbswejherowo.pl\/wp-content\/uploads\/6-68f39fe8835fc.webp\" rel=\"noreferrer\" data-rel=\"iLightbox[gallery_image_1]\" class=\"fusion-lightbox\" target=\"_self\"><img decoding=\"async\" src=\"https:\/\/kamienicaswanny.wtbswejherowo.pl\/wp-content\/uploads\/6-68f39fe8835fc.webp\" width=\"1536\" height=\"768\" alt=\"\" title=\"6-68f39fe8835fc\" aria-label=\"6-68f39fe8835fc\" class=\"img-responsive wp-image-71847\" srcset=\"https:\/\/kamienicaswanny.wtbswejherowo.pl\/wp-content\/uploads\/6-68f39fe8835fc-200x100.webp 200w, https:\/\/kamienicaswanny.wtbswejherowo.pl\/wp-content\/uploads\/6-68f39fe8835fc-300x150.webp 300w, https:\/\/kamienicaswanny.wtbswejherowo.pl\/wp-content\/uploads\/6-68f39fe8835fc-400x200.webp 400w, https:\/\/kamienicaswanny.wtbswejherowo.pl\/wp-content\/uploads\/6-68f39fe8835fc-600x300.webp 600w, https:\/\/kamienicaswanny.wtbswejherowo.pl\/wp-content\/uploads\/6-68f39fe8835fc-768x384.webp 768w, https:\/\/kamienicaswanny.wtbswejherowo.pl\/wp-content\/uploads\/6-68f39fe8835fc-800x400.webp 800w, https:\/\/kamienicaswanny.wtbswejherowo.pl\/wp-content\/uploads\/6-68f39fe8835fc-1024x512.webp 1024w, https:\/\/kamienicaswanny.wtbswejherowo.pl\/wp-content\/uploads\/6-68f39fe8835fc-1200x600.webp 1200w, https:\/\/kamienicaswanny.wtbswejherowo.pl\/wp-content\/uploads\/6-68f39fe8835fc.webp 1536w\" sizes=\"(min-width: 2200px) 100vw, (min-width: 784px) 363px, (min-width: 712px) 545px, (min-width: 640px) 712px, \" \/><\/a><\/div><\/div><div style=\"padding:5px;\" class=\"fusion-grid-column fusion-gallery-column fusion-gallery-column-3 hover-type-none\"><div class=\"fusion-gallery-image\"><a href=\"https:\/\/kamienicaswanny.wtbswejherowo.pl\/wp-content\/uploads\/7-68f39fe88e195.webp\" rel=\"noreferrer\" data-rel=\"iLightbox[gallery_image_1]\" class=\"fusion-lightbox\" target=\"_self\"><img decoding=\"async\" src=\"https:\/\/kamienicaswanny.wtbswejherowo.pl\/wp-content\/uploads\/7-68f39fe88e195.webp\" width=\"1391\" height=\"768\" alt=\"\" title=\"7-68f39fe88e195\" aria-label=\"7-68f39fe88e195\" class=\"img-responsive wp-image-71848\" srcset=\"https:\/\/kamienicaswanny.wtbswejherowo.pl\/wp-content\/uploads\/7-68f39fe88e195-200x110.webp 200w, https:\/\/kamienicaswanny.wtbswejherowo.pl\/wp-content\/uploads\/7-68f39fe88e195-300x166.webp 300w, https:\/\/kamienicaswanny.wtbswejherowo.pl\/wp-content\/uploads\/7-68f39fe88e195-400x221.webp 400w, https:\/\/kamienicaswanny.wtbswejherowo.pl\/wp-content\/uploads\/7-68f39fe88e195-600x331.webp 600w, https:\/\/kamienicaswanny.wtbswejherowo.pl\/wp-content\/uploads\/7-68f39fe88e195-768x424.webp 768w, https:\/\/kamienicaswanny.wtbswejherowo.pl\/wp-content\/uploads\/7-68f39fe88e195-800x442.webp 800w, https:\/\/kamienicaswanny.wtbswejherowo.pl\/wp-content\/uploads\/7-68f39fe88e195-1024x565.webp 1024w, https:\/\/kamienicaswanny.wtbswejherowo.pl\/wp-content\/uploads\/7-68f39fe88e195-1200x663.webp 1200w, https:\/\/kamienicaswanny.wtbswejherowo.pl\/wp-content\/uploads\/7-68f39fe88e195.webp 1391w\" sizes=\"(min-width: 2200px) 100vw, (min-width: 784px) 363px, (min-width: 712px) 545px, (min-width: 640px) 712px, \" \/><\/a><\/div><\/div><div style=\"padding:5px;\" class=\"fusion-grid-column fusion-gallery-column fusion-gallery-column-3 hover-type-none\"><div class=\"fusion-gallery-image\"><a href=\"https:\/\/kamienicaswanny.wtbswejherowo.pl\/wp-content\/uploads\/8-68f39feb4778f.webp\" rel=\"noreferrer\" data-rel=\"iLightbox[gallery_image_1]\" class=\"fusion-lightbox\" target=\"_self\"><img decoding=\"async\" src=\"https:\/\/kamienicaswanny.wtbswejherowo.pl\/wp-content\/uploads\/8-68f39feb4778f.webp\" width=\"1536\" height=\"768\" alt=\"\" title=\"8-68f39feb4778f\" aria-label=\"8-68f39feb4778f\" class=\"img-responsive wp-image-71849\" srcset=\"https:\/\/kamienicaswanny.wtbswejherowo.pl\/wp-content\/uploads\/8-68f39feb4778f-200x100.webp 200w, https:\/\/kamienicaswanny.wtbswejherowo.pl\/wp-content\/uploads\/8-68f39feb4778f-300x150.webp 300w, https:\/\/kamienicaswanny.wtbswejherowo.pl\/wp-content\/uploads\/8-68f39feb4778f-400x200.webp 400w, https:\/\/kamienicaswanny.wtbswejherowo.pl\/wp-content\/uploads\/8-68f39feb4778f-600x300.webp 600w, https:\/\/kamienicaswanny.wtbswejherowo.pl\/wp-content\/uploads\/8-68f39feb4778f-768x384.webp 768w, https:\/\/kamienicaswanny.wtbswejherowo.pl\/wp-content\/uploads\/8-68f39feb4778f-800x400.webp 800w, https:\/\/kamienicaswanny.wtbswejherowo.pl\/wp-content\/uploads\/8-68f39feb4778f-1024x512.webp 1024w, https:\/\/kamienicaswanny.wtbswejherowo.pl\/wp-content\/uploads\/8-68f39feb4778f-1200x600.webp 1200w, https:\/\/kamienicaswanny.wtbswejherowo.pl\/wp-content\/uploads\/8-68f39feb4778f.webp 1536w\" sizes=\"(min-width: 2200px) 100vw, (min-width: 784px) 363px, (min-width: 712px) 545px, (min-width: 640px) 712px, \" \/><\/a><\/div><\/div><div class=\"clearfix\"><\/div><div style=\"padding:5px;\" class=\"fusion-grid-column fusion-gallery-column fusion-gallery-column-3 hover-type-none\"><div class=\"fusion-gallery-image\"><a href=\"https:\/\/kamienicaswanny.wtbswejherowo.pl\/wp-content\/uploads\/rend1-68f39feb6fe72.webp\" rel=\"noreferrer\" data-rel=\"iLightbox[gallery_image_1]\" class=\"fusion-lightbox\" target=\"_self\"><img decoding=\"async\" src=\"https:\/\/kamienicaswanny.wtbswejherowo.pl\/wp-content\/uploads\/rend1-68f39feb6fe72.webp\" width=\"1536\" height=\"864\" alt=\"\" title=\"rend1-68f39feb6fe72\" aria-label=\"rend1-68f39feb6fe72\" class=\"img-responsive wp-image-71850\" srcset=\"https:\/\/kamienicaswanny.wtbswejherowo.pl\/wp-content\/uploads\/rend1-68f39feb6fe72-200x113.webp 200w, https:\/\/kamienicaswanny.wtbswejherowo.pl\/wp-content\/uploads\/rend1-68f39feb6fe72-300x169.webp 300w, https:\/\/kamienicaswanny.wtbswejherowo.pl\/wp-content\/uploads\/rend1-68f39feb6fe72-400x225.webp 400w, https:\/\/kamienicaswanny.wtbswejherowo.pl\/wp-content\/uploads\/rend1-68f39feb6fe72-600x338.webp 600w, https:\/\/kamienicaswanny.wtbswejherowo.pl\/wp-content\/uploads\/rend1-68f39feb6fe72-768x432.webp 768w, https:\/\/kamienicaswanny.wtbswejherowo.pl\/wp-content\/uploads\/rend1-68f39feb6fe72-800x450.webp 800w, https:\/\/kamienicaswanny.wtbswejherowo.pl\/wp-content\/uploads\/rend1-68f39feb6fe72-1024x576.webp 1024w, https:\/\/kamienicaswanny.wtbswejherowo.pl\/wp-content\/uploads\/rend1-68f39feb6fe72-1200x675.webp 1200w, https:\/\/kamienicaswanny.wtbswejherowo.pl\/wp-content\/uploads\/rend1-68f39feb6fe72.webp 1536w\" sizes=\"(min-width: 2200px) 100vw, (min-width: 784px) 363px, (min-width: 712px) 545px, (min-width: 640px) 712px, \" \/><\/a><\/div><\/div><div style=\"padding:5px;\" class=\"fusion-grid-column fusion-gallery-column fusion-gallery-column-3 hover-type-none\"><div class=\"fusion-gallery-image\"><a href=\"https:\/\/kamienicaswanny.wtbswejherowo.pl\/wp-content\/uploads\/1-68f39fec1101e.webp\" rel=\"noreferrer\" data-rel=\"iLightbox[gallery_image_1]\" class=\"fusion-lightbox\" target=\"_self\"><img decoding=\"async\" src=\"https:\/\/kamienicaswanny.wtbswejherowo.pl\/wp-content\/uploads\/1-68f39fec1101e.webp\" width=\"1536\" height=\"768\" alt=\"\" title=\"1-68f39fec1101e\" aria-label=\"1-68f39fec1101e\" class=\"img-responsive wp-image-71851\" srcset=\"https:\/\/kamienicaswanny.wtbswejherowo.pl\/wp-content\/uploads\/1-68f39fec1101e-200x100.webp 200w, https:\/\/kamienicaswanny.wtbswejherowo.pl\/wp-content\/uploads\/1-68f39fec1101e-300x150.webp 300w, https:\/\/kamienicaswanny.wtbswejherowo.pl\/wp-content\/uploads\/1-68f39fec1101e-400x200.webp 400w, https:\/\/kamienicaswanny.wtbswejherowo.pl\/wp-content\/uploads\/1-68f39fec1101e-600x300.webp 600w, https:\/\/kamienicaswanny.wtbswejherowo.pl\/wp-content\/uploads\/1-68f39fec1101e-768x384.webp 768w, https:\/\/kamienicaswanny.wtbswejherowo.pl\/wp-content\/uploads\/1-68f39fec1101e-800x400.webp 800w, https:\/\/kamienicaswanny.wtbswejherowo.pl\/wp-content\/uploads\/1-68f39fec1101e-1024x512.webp 1024w, https:\/\/kamienicaswanny.wtbswejherowo.pl\/wp-content\/uploads\/1-68f39fec1101e-1200x600.webp 1200w, https:\/\/kamienicaswanny.wtbswejherowo.pl\/wp-content\/uploads\/1-68f39fec1101e.webp 1536w\" sizes=\"(min-width: 2200px) 100vw, (min-width: 784px) 363px, (min-width: 712px) 545px, (min-width: 640px) 712px, \" \/><\/a><\/div><\/div><div style=\"padding:5px;\" class=\"fusion-grid-column fusion-gallery-column fusion-gallery-column-3 hover-type-none\"><div class=\"fusion-gallery-image\"><a href=\"https:\/\/kamienicaswanny.wtbswejherowo.pl\/wp-content\/uploads\/2-68f39fec7cad1.webp\" rel=\"noreferrer\" data-rel=\"iLightbox[gallery_image_1]\" class=\"fusion-lightbox\" target=\"_self\"><img decoding=\"async\" src=\"https:\/\/kamienicaswanny.wtbswejherowo.pl\/wp-content\/uploads\/2-68f39fec7cad1.webp\" width=\"1536\" height=\"768\" alt=\"\" title=\"2-68f39fec7cad1\" aria-label=\"2-68f39fec7cad1\" class=\"img-responsive wp-image-71852\" srcset=\"https:\/\/kamienicaswanny.wtbswejherowo.pl\/wp-content\/uploads\/2-68f39fec7cad1-200x100.webp 200w, https:\/\/kamienicaswanny.wtbswejherowo.pl\/wp-content\/uploads\/2-68f39fec7cad1-300x150.webp 300w, https:\/\/kamienicaswanny.wtbswejherowo.pl\/wp-content\/uploads\/2-68f39fec7cad1-400x200.webp 400w, https:\/\/kamienicaswanny.wtbswejherowo.pl\/wp-content\/uploads\/2-68f39fec7cad1-600x300.webp 600w, https:\/\/kamienicaswanny.wtbswejherowo.pl\/wp-content\/uploads\/2-68f39fec7cad1-768x384.webp 768w, https:\/\/kamienicaswanny.wtbswejherowo.pl\/wp-content\/uploads\/2-68f39fec7cad1-800x400.webp 800w, https:\/\/kamienicaswanny.wtbswejherowo.pl\/wp-content\/uploads\/2-68f39fec7cad1-1024x512.webp 1024w, https:\/\/kamienicaswanny.wtbswejherowo.pl\/wp-content\/uploads\/2-68f39fec7cad1-1200x600.webp 1200w, https:\/\/kamienicaswanny.wtbswejherowo.pl\/wp-content\/uploads\/2-68f39fec7cad1.webp 1536w\" sizes=\"(min-width: 2200px) 100vw, (min-width: 784px) 363px, (min-width: 712px) 545px, (min-width: 640px) 712px, \" \/><\/a><\/div><\/div><div class=\"clearfix\"><\/div><\/div><\/div><\/div><\/div><\/div><div class=\"fusion-panel panel-default panel-c851b06102999cf80 fusion-toggle-has-divider\" style=\"--awb-title-color:#222222;\"><div class=\"panel-heading\"><h4 class=\"panel-title toggle\" id=\"toggle_c851b06102999cf80\"><a class=\"active\" aria-expanded=\"true\" aria-controls=\"c851b06102999cf80\" role=\"button\" data-toggle=\"collapse\" data-target=\"#c851b06102999cf80\" href=\"#c851b06102999cf80\"><span class=\"fusion-toggle-icon-wrapper\" aria-hidden=\"true\"><i class=\"fa-fusion-box active-icon awb-icon-minus\" aria-hidden=\"true\"><\/i><i class=\"fa-fusion-box inactive-icon awb-icon-plus\" aria-hidden=\"true\"><\/i><\/span><span class=\"fusion-toggle-heading\">PLANY OSIEDLA<\/span><\/a><\/h4><\/div><div id=\"c851b06102999cf80\" class=\"panel-collapse collapse in\" aria-labelledby=\"toggle_c851b06102999cf80\"><div class=\"panel-body toggle-content fusion-clearfix\">\n<p>Widok z osiedla z g\u00f3ry:<div class=\"fusion-image-element in-legacy-container\" style=\"--awb-caption-title-font-family:var(--h2_typography-font-family);--awb-caption-title-font-weight:var(--h2_typography-font-weight);--awb-caption-title-font-style:var(--h2_typography-font-style);--awb-caption-title-size:var(--h2_typography-font-size);--awb-caption-title-transform:var(--h2_typography-text-transform);--awb-caption-title-line-height:var(--h2_typography-line-height);--awb-caption-title-letter-spacing:var(--h2_typography-letter-spacing);\"><span class=\" fusion-imageframe imageframe-none imageframe-1 hover-type-none\"><img decoding=\"async\" width=\"2560\" height=\"1440\" title=\"DJI_20250708113919_0591_D_LOSSY\" src=\"https:\/\/kamienicaswanny.wtbswejherowo.pl\/wp-content\/uploads\/DJI_20250708113919_0591_D_LOSSY-scaled.jpg\" alt class=\"img-responsive wp-image-71979\" srcset=\"https:\/\/kamienicaswanny.wtbswejherowo.pl\/wp-content\/uploads\/DJI_20250708113919_0591_D_LOSSY-200x113.jpg 200w, https:\/\/kamienicaswanny.wtbswejherowo.pl\/wp-content\/uploads\/DJI_20250708113919_0591_D_LOSSY-400x225.jpg 400w, https:\/\/kamienicaswanny.wtbswejherowo.pl\/wp-content\/uploads\/DJI_20250708113919_0591_D_LOSSY-600x338.jpg 600w, https:\/\/kamienicaswanny.wtbswejherowo.pl\/wp-content\/uploads\/DJI_20250708113919_0591_D_LOSSY-800x450.jpg 800w, https:\/\/kamienicaswanny.wtbswejherowo.pl\/wp-content\/uploads\/DJI_20250708113919_0591_D_LOSSY-1200x675.jpg 1200w, https:\/\/kamienicaswanny.wtbswejherowo.pl\/wp-content\/uploads\/DJI_20250708113919_0591_D_LOSSY-scaled.jpg 2560w\" sizes=\"(max-width: 800px) 100vw, 1200px\" \/><\/span><\/div>\n<div style=\"margin-top: 15px;\">Rzut hali gara\u017cowej:<div class=\"fusion-image-element in-legacy-container\" style=\"--awb-caption-title-font-family:var(--h2_typography-font-family);--awb-caption-title-font-weight:var(--h2_typography-font-weight);--awb-caption-title-font-style:var(--h2_typography-font-style);--awb-caption-title-size:var(--h2_typography-font-size);--awb-caption-title-transform:var(--h2_typography-text-transform);--awb-caption-title-line-height:var(--h2_typography-line-height);--awb-caption-title-letter-spacing:var(--h2_typography-letter-spacing);\"><span class=\" fusion-imageframe imageframe-none imageframe-2 hover-type-none\"><a class=\"fusion-no-lightbox\" href=\"https:\/\/kamienicaswanny.wtbswejherowo.pl\/wp-content\/uploads\/Rzut-hali-garazowej-1.pdf\" target=\"_blank\" aria-label=\"Rzut hali gara\u017cowej &#8211; za\u0142\u0105cznik do UD\" rel=\"noopener noreferrer\"><img decoding=\"async\" width=\"2560\" height=\"1243\" src=\"https:\/\/kamienicaswanny.wtbswejherowo.pl\/wp-content\/uploads\/Rzut-hali-garazowej-zalacznik-do-UD-scaled.jpg\" alt class=\"img-responsive wp-image-71972\" srcset=\"https:\/\/kamienicaswanny.wtbswejherowo.pl\/wp-content\/uploads\/Rzut-hali-garazowej-zalacznik-do-UD-200x97.jpg 200w, https:\/\/kamienicaswanny.wtbswejherowo.pl\/wp-content\/uploads\/Rzut-hali-garazowej-zalacznik-do-UD-400x194.jpg 400w, https:\/\/kamienicaswanny.wtbswejherowo.pl\/wp-content\/uploads\/Rzut-hali-garazowej-zalacznik-do-UD-600x291.jpg 600w, https:\/\/kamienicaswanny.wtbswejherowo.pl\/wp-content\/uploads\/Rzut-hali-garazowej-zalacznik-do-UD-800x388.jpg 800w, https:\/\/kamienicaswanny.wtbswejherowo.pl\/wp-content\/uploads\/Rzut-hali-garazowej-zalacznik-do-UD-1200x583.jpg 1200w, https:\/\/kamienicaswanny.wtbswejherowo.pl\/wp-content\/uploads\/Rzut-hali-garazowej-zalacznik-do-UD-scaled.jpg 2560w\" sizes=\"(max-width: 800px) 100vw, 1200px\" \/><\/a><\/span><\/div><\/div>\n<\/div><\/div><\/div><div class=\"fusion-panel panel-default panel-7eff6c96612507faf fusion-toggle-has-divider\" style=\"--awb-title-color:#222222;\"><div class=\"panel-heading\"><h4 class=\"panel-title toggle\" id=\"toggle_7eff6c96612507faf\"><a class=\"active\" aria-expanded=\"true\" aria-controls=\"7eff6c96612507faf\" role=\"button\" data-toggle=\"collapse\" data-target=\"#7eff6c96612507faf\" href=\"#7eff6c96612507faf\"><span class=\"fusion-toggle-icon-wrapper\" aria-hidden=\"true\"><i class=\"fa-fusion-box active-icon awb-icon-minus\" aria-hidden=\"true\"><\/i><i class=\"fa-fusion-box inactive-icon awb-icon-plus\" aria-hidden=\"true\"><\/i><\/span><span class=\"fusion-toggle-heading\">ZDJ\u0118CIA Z BUDOWY<\/span><\/a><\/h4><\/div><div id=\"7eff6c96612507faf\" class=\"panel-collapse collapse in\" aria-labelledby=\"toggle_7eff6c96612507faf\"><div class=\"panel-body toggle-content fusion-clearfix\"><\/div><\/div><\/div><\/div><\/div><div class=\"fusion-clearfix\"><\/div><\/div><\/div><\/div><\/div><\/p>\n","protected":false},"excerpt":{"rendered":"","protected":false},"author":1,"featured_media":0,"parent":0,"menu_order":0,"comment_status":"closed","ping_status":"closed","template":"","meta":{"footnotes":""},"class_list":["post-456","page","type-page","status-publish","hentry"],"_links":{"self":[{"href":"https:\/\/kamienicaswanny.wtbswejherowo.pl\/index.php?rest_route=\/wp\/v2\/pages\/456","targetHints":{"allow":["GET"]}}],"collection":[{"href":"https:\/\/kamienicaswanny.wtbswejherowo.pl\/index.php?rest_route=\/wp\/v2\/pages"}],"about":[{"href":"https:\/\/kamienicaswanny.wtbswejherowo.pl\/index.php?rest_route=\/wp\/v2\/types\/page"}],"author":[{"embeddable":true,"href":"https:\/\/kamienicaswanny.wtbswejherowo.pl\/index.php?rest_route=\/wp\/v2\/users\/1"}],"replies":[{"embeddable":true,"href":"https:\/\/kamienicaswanny.wtbswejherowo.pl\/index.php?rest_route=%2Fwp%2Fv2%2Fcomments&post=456"}],"version-history":[{"count":107,"href":"https:\/\/kamienicaswanny.wtbswejherowo.pl\/index.php?rest_route=\/wp\/v2\/pages\/456\/revisions"}],"predecessor-version":[{"id":71981,"href":"https:\/\/kamienicaswanny.wtbswejherowo.pl\/index.php?rest_route=\/wp\/v2\/pages\/456\/revisions\/71981"}],"wp:attachment":[{"href":"https:\/\/kamienicaswanny.wtbswejherowo.pl\/index.php?rest_route=%2Fwp%2Fv2%2Fmedia&parent=456"}],"curies":[{"name":"wp","href":"https:\/\/api.w.org\/{rel}","templated":true}]}}